{"id":3,"date":"2025-10-19T15:07:29","date_gmt":"2025-10-19T13:07:29","guid":{"rendered":"https:\/\/www.xn--wolfgangspt-u8a.at\/?page_id=3"},"modified":"2025-10-19T18:22:48","modified_gmt":"2025-10-19T16:22:48","slug":"datenschutz","status":"publish","type":"page","link":"https:\/\/www.xn--wolfgangspt-u8a.at\/?page_id=3","title":{"rendered":"Datenschutz"},"content":{"rendered":"\n<div style=\"height:100px\" aria-hidden=\"true\" class=\"wp-block-spacer\"><\/div>\n\n\n\n<h1 class=\"wp-block-heading\"><strong><span style=\"color: var(--theme-palette-color-1, #ec6608);\" class=\"stk-highlight\">Datenschutzerkl\u00e4rung<\/span><\/strong><\/h1>\n\n\n\n<h3 class=\"wp-block-heading\"><strong><span style=\"color: var(--theme-palette-color-1, #ec6608);\" class=\"stk-highlight\">Datenschutzmitteilung<\/span><\/strong><\/h3>\n\n\n\n<p>Diese Website wird von Wolfgang Sp\u00e4t \u2013 wolfgangsp\u00e4t.at betrieben. Diese Mitteilung beschreibt, wie wir als datenschutzrechtlich Verantwortliche Ihre personenbezogenen Daten im Zusammenhang mit dieser Website verarbeiten.<\/p>\n\n\n\n<h3 class=\"wp-block-heading\"><strong><span style=\"color: var(--theme-palette-color-1, #ec6608);\" class=\"stk-highlight\">Welche Ihrer Daten wir verarbeiten<\/span><\/strong><\/h3>\n\n\n\n<p>Im Zuge Ihres Besuches dieser Website werden wir folgende Informationen erheben: Das Datum und die Uhrzeit des Aufrufs einer Seite auf unserer Website, Ihre IP-Adresse, Name und Version Ihres Web-Browsers, die Website (URL), die Sie vor dem Aufruf dieser Website besucht haben, bestimmte Cookies und jene Informationen, die Sie selbst durch Ausf\u00fcllen des Kontaktformulars zur Verf\u00fcgung stellen. Es besteht keine Verpflichtung, jene Daten, um deren Angabe wir Sie auf unserer Website bitten, tats\u00e4chlich anzugeben. Wenn Sie dies jedoch nicht tun, wird es Ihnen nicht m\u00f6glich sein, alle Funktionen der Website zu nutzen.<\/p>\n\n\n\n<h3 class=\"wp-block-heading\"><strong><span style=\"color: var(--theme-palette-color-1, #ec6608);\" class=\"stk-highlight\">Cookies<\/span><\/strong><\/h3>\n\n\n\n<p>Auf dieser Website werden sogenannte Cookies verwendet. Ein Cookie ist eine kleine Datei, die auf Ihrem Computer gespeichert werden kann, wenn Sie eine Website besuchen. Grunds\u00e4tzlich werden Cookies verwendet, um Nutzern zus\u00e4tzliche Funktionen auf einer Website zu bieten. Sie k\u00f6nnen zum Beispiel verwendet werden, um Ihnen die Navigation auf einer Website zu erleichtern, es Ihnen zu erm\u00f6glichen, eine Website dort weiter zu verwenden, wo Sie sie verlassen haben und \/ oder Ihre Pr\u00e4ferenzen und Einstellungen zu speichern, wenn Sie die Website wieder besuchen. Cookies k\u00f6nnen auf keine anderen Daten auf Ihrem Computer zugreifen, diese lesen oder ver\u00e4ndern. Die meisten der Cookies auf dieser Website sind sogenannte Session-Cookies. Sie werden automatisch gel\u00f6scht, wenn Sie unsere Website wieder verlassen. Dauerhafte Cookies hingegen bleiben auf Ihrem Computer, bis Sie sie manuell in Ihrem Browser l\u00f6schen. Wir verwenden solche dauerhaften Cookies, um Sie wieder zu erkennen, wenn Sie unsere Website das n\u00e4chste Mal besuchen. Wenn Sie Cookies auf Ihrem Computer kontrollieren wollen, k\u00f6nnen Sie ihre Browser-Einstellungen so w\u00e4hlen, dass Sie eine Benachrichtigung bekommen, wenn eine Website Cookies speichern will. Sie k\u00f6nnen Cookies auch blockieren oder l\u00f6schen, wenn sie bereits auf Ihrem Computer gespeichert wurden. Wenn Sie mehr dar\u00fcber wissen m\u00f6chten, wie Sie diese Schritte setzen k\u00f6nnen, ben\u00fctzen Sie bitte die \u201eHilfe&#8220;-Funktion in Ihrem Browser. Beachten Sie bitte, dass das Blockieren oder L\u00f6schen von Cookies Ihre Online-Erfahrung beeintr\u00e4chtigen und Sie daran hindern k\u00f6nnte, diese Website vollst\u00e4ndig zu nutzen.<\/p>\n\n\n\n<h3 class=\"wp-block-heading\"><span style=\"color: var(--theme-palette-color-1, #ec6608);\" class=\"stk-highlight\"><strong>Zwecke der Datenverarbeitung<\/strong><\/span><\/h3>\n\n\n\n<p>Wir werden Ihre personenbezogenen Daten zu folgenden Zwecken verarbeiten:<\/p>\n\n\n\n<ul class=\"wp-block-list\">\n<li>um Ihnen diese Website zur Verf\u00fcgung zu stellen und um diese Website weiter zu verbessern und zu entwickeln<\/li>\n\n\n\n<li>um Nutzungsstatistiken erstellen zu k\u00f6nnen<\/li>\n\n\n\n<li>um Angriffe auf unsere Website erkennen, verhindern und untersuchen zu k\u00f6nnen<\/li>\n\n\n\n<li>um auf Ihre Anfragen zu antworten<\/li>\n<\/ul>\n\n\n\n<h3 class=\"wp-block-heading\"><span style=\"color: var(--theme-palette-color-1, #ec6608);\" class=\"stk-highlight\"><strong>Rechtsgrundlage der Verarbeitung<\/strong><\/span><\/h3>\n\n\n\n<p>Die rechtliche Grundlage f\u00fcr die Verarbeitung Ihrer personenbezogenen Daten ist unser \u00fcberwiegend berechtigtes Interesse gem\u00e4\u00df Art 6 Abs 1 lit f EU Datenschutz-Grundverordnung, welches darin besteht, die oben genannten Zwecke zu erreichen.<\/p>\n\n\n\n<h3 class=\"wp-block-heading\"><span style=\"color: var(--theme-palette-color-1, #ec6608);\" class=\"stk-highlight\"><strong>\u00dcbermittlung Ihrer personenbezogenen Daten<\/strong><\/span><\/h3>\n\n\n\n<p>Zu den oben genannten Zwecken werden Ihre personenbezogenen Daten an von uns eingesetzte IT-Dienstleister \u00fcbermittelt.<\/p>\n\n\n\n<h3 class=\"wp-block-heading\"><span style=\"color: var(--theme-palette-color-1, #ec6608);\" class=\"stk-highlight\"><strong>Dauer der Speicherung<\/strong><\/span><\/h3>\n\n\n\n<p>Wir werden Ihre Daten grunds\u00e4tzlich f\u00fcr eine Dauer von drei Monaten speichern. Eine l\u00e4ngere Speicherung erfolgt nur, soweit dies erforderlich ist, um etwaige festgestellte Angriffe auf unsere Website zu untersuchen.<\/p>\n\n\n\n<h3 class=\"wp-block-heading\"><span style=\"color: var(--theme-palette-color-1, #ec6608);\" class=\"stk-highlight\"><strong>Ihre Rechte im Zusammenhang mit personenbezogenen Daten<\/strong><\/span><\/h3>\n\n\n\n<p>Sie sind unter anderem berechtigt (unter den Voraussetzungen anwendbaren Rechts):<\/p>\n\n\n\n<ul class=\"wp-block-list\">\n<li>zu \u00fcberpr\u00fcfen, ob und welche personenbezogenen Daten wir \u00fcber Sie gespeichert haben und Kopien dieser Daten zu erhalten,<\/li>\n\n\n\n<li>die Berichtigung, Erg\u00e4nzung oder das L\u00f6schen Ihrer personenbezogenen Daten, die falsch sind oder nicht rechtskonform verarbeitet wurden, zu verlangen,<\/li>\n\n\n\n<li>von uns zu verlangen, die Verarbeitung Ihrer personenbezogenen Daten einzuschr\u00e4nken,<\/li>\n\n\n\n<li>unter bestimmten Umst\u00e4nden der Verarbeitung Ihrer personenbezogenen Daten zu widersprechen oder die f\u00fcr das Verarbeiten zuvor gegebene Einwilligung zu widerrufen,<\/li>\n\n\n\n<li>Daten\u00fcbertragbarkeit zu verlangen,<\/li>\n\n\n\n<li>die Identit\u00e4t von Dritten, an welche Ihre personenbezogenen Daten \u00fcbermittelt werden, zu kennen,<\/li>\n\n\n\n<li>bei der zust\u00e4ndigen Beh\u00f6rde Beschwerde zu erheben.<\/li>\n<\/ul>\n\n\n\n<p>Diese zust\u00e4ndige Beh\u00f6rde ist die \u00f6sterreichische Datenschutzbeh\u00f6rde mit Sitz in Wien.<\/p>\n\n\n\n<h3 class=\"wp-block-heading\"><span style=\"color: var(--theme-palette-color-1, #ec6608);\" class=\"stk-highlight\"><strong>Unsere Kontaktdaten<\/strong><\/span><\/h3>\n\n\n\n<p>Sollten Sie zur Verarbeitung Ihrer personenbezogenen Daten Fragen oder Anliegen haben, wenden Sie sich bitte an uns:<br>per E-Mail an office@wolfgangsp\u00e4t.at<br>oder per Post an wolfgangsp\u00e4t.at<br>z. Hd. Wolfgang Sp\u00e4t<br>Anzbachgasse 30<br>1140 Wien<\/p>\n\n\n\n<p><\/p>\n","protected":false},"excerpt":{"rendered":"<p>Datenschutzerkl\u00e4rung Datenschutzmitteilung Diese Website wird von Wolfgang Sp\u00e4t \u2013 wolfgangsp\u00e4t.at betrieben. Diese Mitteilung beschreibt, wie wir als datenschutzrechtlich Verantwortliche Ihre personenbezogenen Daten im Zusammenhang mit dieser Website verarbeiten. Welche Ihrer Daten wir verarbeiten Im Zuge Ihres Besuches dieser Website werden wir folgende Informationen erheben: Das Datum und die Uhrzeit des Aufrufs einer Seite auf unserer [&hellip;]<\/p>\n","protected":false},"author":1,"featured_media":0,"parent":0,"menu_order":0,"comment_status":"closed","ping_status":"closed","template":"","meta":{"footnotes":""},"class_list":["post-3","page","type-page","status-publish","hentry"],"blocksy_meta":{"background":{"background_type":"color","background_pattern":"type-1","background_image":{"attachment_id":null,"x":0,"y":0},"gradient":"linear-gradient(135deg,rgba(6,147,227,1) 0%,rgb(155,81,224) 100%)","background_repeat":"repeat","background_size":"auto","background_attachment":"scroll","patternColor":{"default":{"color":"#e5e7ea"}},"overlayColor":{"default":{"color":"CT_CSS_SKIP_RULE"}},"backgroundColor":{"default":{"color":"#ffffff"}}},"styles_descriptor":{"styles":{"desktop":"[data-prefix=\"single_page\"] {background-color:#ffffff;background-image:none;}","tablet":"","mobile":""},"google_fonts":[],"version":6},"has_hero_section":"disabled"},"_links":{"self":[{"href":"https:\/\/www.xn--wolfgangspt-u8a.at\/index.php?rest_route=\/wp\/v2\/pages\/3","targetHints":{"allow":["GET"]}}],"collection":[{"href":"https:\/\/www.xn--wolfgangspt-u8a.at\/index.php?rest_route=\/wp\/v2\/pages"}],"about":[{"href":"https:\/\/www.xn--wolfgangspt-u8a.at\/index.php?rest_route=\/wp\/v2\/types\/page"}],"author":[{"embeddable":true,"href":"https:\/\/www.xn--wolfgangspt-u8a.at\/index.php?rest_route=\/wp\/v2\/users\/1"}],"replies":[{"embeddable":true,"href":"https:\/\/www.xn--wolfgangspt-u8a.at\/index.php?rest_route=%2Fwp%2Fv2%2Fcomments&post=3"}],"version-history":[{"count":4,"href":"https:\/\/www.xn--wolfgangspt-u8a.at\/index.php?rest_route=\/wp\/v2\/pages\/3\/revisions"}],"predecessor-version":[{"id":816,"href":"https:\/\/www.xn--wolfgangspt-u8a.at\/index.php?rest_route=\/wp\/v2\/pages\/3\/revisions\/816"}],"wp:attachment":[{"href":"https:\/\/www.xn--wolfgangspt-u8a.at\/index.php?rest_route=%2Fwp%2Fv2%2Fmedia&parent=3"}],"curies":[{"name":"wp","href":"https:\/\/api.w.org\/{rel}","templated":true}]}}