{"id":723,"date":"2021-10-14T08:32:03","date_gmt":"2021-10-14T08:32:03","guid":{"rendered":"https:\/\/startersites.io\/blocksy\/justice\/?page_id=3"},"modified":"2025-10-19T18:23:06","modified_gmt":"2025-10-19T16:23:06","slug":"impressum","status":"publish","type":"page","link":"https:\/\/www.xn--wolfgangspt-u8a.at\/?page_id=723","title":{"rendered":"Impressum"},"content":{"rendered":"\n<div style=\"height:100px\" aria-hidden=\"true\" class=\"wp-block-spacer\"><\/div>\n\n\n\n<h1 class=\"wp-block-heading\"><strong><span style=\"color: var(--theme-palette-color-1, #ec6608);\" class=\"stk-highlight\">Impressum<\/span><\/strong><\/h1>\n\n\n\n<p>Angaben gem\u00e4\u00df \u00a7 5 ECG und \u00a7 25 Mediengesetz<br><br>Unternehmen:<br>Wolfgang Sp\u00e4t \u2013 wolfgangsp\u00e4t.at<br>Mediation, Teambuilding, Training<br>Anzbachgasse 30, 1140 Wien<br>\u00d6sterreich<br><br>Vertreten durch:<br>Wolfgang Sp\u00e4t<br><br>Kontakt:<br>Telefon: +43 699 100 22 222<br>E-Mail: office@wolfgangsp\u00e4t.at<br>Web: www.wolfgangsp\u00e4t.at<br><br>Umsatzsteuer-Identifikationsnummer (UID):<br>ATU44056301<br><br>Haftungsausschluss:<br>Die Inhalte dieser Website wurden mit gr\u00f6\u00dftm\u00f6glicher Sorgfalt erstellt. F\u00fcr die Richtigkeit, Vollst\u00e4ndigkeit und Aktualit\u00e4t der Inhalte k\u00f6nnen wir jedoch keine Gew\u00e4hr \u00fcbernehmen. Diese Website enth\u00e4lt Links zu externen Webseiten Dritter, auf deren Inhalte wir keinen Einfluss haben. Deshalb k\u00f6nnen wir f\u00fcr diese fremden Inhalte auch keine Gew\u00e4hr \u00fcbernehmen.<br><br>Datenschutzerkl\u00e4rung:<br>www.wolfgangsp\u00e4t.at\/datenschutz<\/p>\n","protected":false},"excerpt":{"rendered":"<p>Impressum Angaben gem\u00e4\u00df \u00a7 5 ECG und \u00a7 25 Mediengesetz Unternehmen:Wolfgang Sp\u00e4t \u2013 wolfgangsp\u00e4t.atMediation, Teambuilding, TrainingAnzbachgasse 30, 1140 Wien\u00d6sterreich Vertreten durch:Wolfgang Sp\u00e4t Kontakt:Telefon: +43 699 100 22 222E-Mail: office@wolfgangsp\u00e4t.atWeb: www.wolfgangsp\u00e4t.at Umsatzsteuer-Identifikationsnummer (UID):ATU44056301 Haftungsausschluss:Die Inhalte dieser Website wurden mit gr\u00f6\u00dftm\u00f6glicher Sorgfalt erstellt. F\u00fcr die Richtigkeit, Vollst\u00e4ndigkeit und Aktualit\u00e4t der Inhalte k\u00f6nnen wir jedoch keine Gew\u00e4hr \u00fcbernehmen. [&hellip;]<\/p>\n","protected":false},"author":1,"featured_media":0,"parent":0,"menu_order":0,"comment_status":"closed","ping_status":"closed","template":"","meta":{"footnotes":""},"class_list":["post-723","page","type-page","status-publish","hentry"],"blocksy_meta":{"has_hero_section":"disabled","styles_descriptor":{"styles":{"desktop":"","tablet":"","mobile":""},"google_fonts":[],"version":6}},"_links":{"self":[{"href":"https:\/\/www.xn--wolfgangspt-u8a.at\/index.php?rest_route=\/wp\/v2\/pages\/723","targetHints":{"allow":["GET"]}}],"collection":[{"href":"https:\/\/www.xn--wolfgangspt-u8a.at\/index.php?rest_route=\/wp\/v2\/pages"}],"about":[{"href":"https:\/\/www.xn--wolfgangspt-u8a.at\/index.php?rest_route=\/wp\/v2\/types\/page"}],"author":[{"embeddable":true,"href":"https:\/\/www.xn--wolfgangspt-u8a.at\/index.php?rest_route=\/wp\/v2\/users\/1"}],"replies":[{"embeddable":true,"href":"https:\/\/www.xn--wolfgangspt-u8a.at\/index.php?rest_route=%2Fwp%2Fv2%2Fcomments&post=723"}],"version-history":[{"count":4,"href":"https:\/\/www.xn--wolfgangspt-u8a.at\/index.php?rest_route=\/wp\/v2\/pages\/723\/revisions"}],"predecessor-version":[{"id":817,"href":"https:\/\/www.xn--wolfgangspt-u8a.at\/index.php?rest_route=\/wp\/v2\/pages\/723\/revisions\/817"}],"wp:attachment":[{"href":"https:\/\/www.xn--wolfgangspt-u8a.at\/index.php?rest_route=%2Fwp%2Fv2%2Fmedia&parent=723"}],"curies":[{"name":"wp","href":"https:\/\/api.w.org\/{rel}","templated":true}]}}